{"id":4573,"date":"2025-04-08T13:53:55","date_gmt":"2025-04-08T13:53:55","guid":{"rendered":"https:\/\/www.alphapay.cleanersforyou.qa\/?page_id=4573"},"modified":"2026-05-11T10:08:27","modified_gmt":"2026-05-11T10:08:27","slug":"about-alphapay-leading-digital-payment-solutions-in-uae","status":"publish","type":"page","link":"https:\/\/www.alphapay.ae\/ar\/about-alphapay-leading-digital-payment-solutions-in-uae\/","title":{"rendered":"About US"},"content":{"rendered":"<div data-elementor-type=\"wp-page\" data-elementor-id=\"4573\" class=\"elementor elementor-4573\">\n\t\t\t\t\t\t<section class=\"elementor-section elementor-top-section elementor-element elementor-element-2c582c6a elementor-section-full_width about-us elementor-section-height-default elementor-section-height-default wpr-particle-no wpr-jarallax-no wpr-parallax-no wpr-sticky-section-no\" data-id=\"2c582c6a\" data-element_type=\"section\">\n\t\t\t\t\t\t<div class=\"elementor-container elementor-column-gap-default\">\n\t\t\t\t\t<div class=\"elementor-column elementor-col-100 elementor-top-column elementor-element elementor-element-5ad167c\" data-id=\"5ad167c\" data-element_type=\"column\">\n\t\t\t<div class=\"elementor-widget-wrap elementor-element-populated\">\n\t\t\t\t\t\t<div class=\"elementor-element elementor-element-d98f30c elementor-invisible elementor-widget elementor-widget-heading\" data-id=\"d98f30c\" data-element_type=\"widget\" data-settings=\"{&quot;_animation&quot;:&quot;fadeInUp&quot;}\" data-widget_type=\"heading.default\">\n\t\t\t\t<div class=\"elementor-widget-container\">\n\t\t\t\t\t<h2 class=\"elementor-heading-title elementor-size-default\">\u0645\u0646 \u0646\u062d\u0646<\/h2>\t\t\t\t<\/div>\n\t\t\t\t<\/div>\n\t\t\t\t<div class=\"elementor-element elementor-element-bfbc662 elementor-widget elementor-widget-image\" data-id=\"bfbc662\" data-element_type=\"widget\" data-widget_type=\"image.default\">\n\t\t\t\t<div class=\"elementor-widget-container\">\n\t\t\t\t\t\t\t\t\t\t\t\t\t\t\t<img decoding=\"async\" width=\"342\" height=\"12\" src=\"https:\/\/www.alphapay.ae\/wp-content\/uploads\/2025\/04\/Vector-1-3.png\" class=\"attachment-large size-large wp-image-4585\" alt=\"\" srcset=\"https:\/\/www.alphapay.ae\/wp-content\/uploads\/2025\/04\/Vector-1-3.png 342w, https:\/\/www.alphapay.ae\/wp-content\/uploads\/2025\/04\/Vector-1-3-300x11.png 300w\" sizes=\"(max-width: 342px) 100vw, 342px\" \/>\t\t\t\t\t\t\t\t\t\t\t\t\t\t\t<\/div>\n\t\t\t\t<\/div>\n\t\t\t\t<div class=\"elementor-element elementor-element-3ef0e244 elementor-widget__width-inherit elementor-invisible elementor-widget elementor-widget-heading\" data-id=\"3ef0e244\" data-element_type=\"widget\" data-settings=\"{&quot;_animation&quot;:&quot;fadeInUp&quot;}\" data-widget_type=\"heading.default\">\n\t\t\t\t<div class=\"elementor-widget-container\">\n\t\t\t\t\t<h2 class=\"elementor-heading-title elementor-size-default translation-block\">Alphapay \u0647\u064a \u0634\u0631\u0643\u0629 \u0631\u0627\u0626\u062f\u0629 \u0641\u064a \u0645\u062c\u0627\u0644 \u0627\u0644\u062a\u0643\u0646\u0648\u0644\u0648\u062c\u064a\u0627 \u0627\u0644\u0645\u0627\u0644\u064a\u0629\u060c \u0645\u062a\u062e\u0635\u0635\u0629 \u0641\u064a \u062d\u0644\u0648\u0644 \u0627\u0644\u062f\u0641\u0639 \u0627\u0644\u0625\u0644\u0643\u062a\u0631\u0648\u0646\u064a \u0627\u0644\u0622\u0645\u0646\u0629 \u0648\u062a\u0642\u062f\u064a\u0645 \u062e\u062f\u0645\u0627\u062a \u0628\u0648\u0627\u0628\u0629 \u0627\u0644\u062f\u0641\u0639 \u0644\u0644\u0634\u0631\u0643\u0627\u062a \u0648\u0627\u0644\u0623\u0641\u0631\u0627\u062f.<\/h2>\t\t\t\t<\/div>\n\t\t\t\t<\/div>\n\t\t\t\t<div class=\"elementor-element elementor-element-97295a5 elementor-invisible elementor-widget elementor-widget-image\" data-id=\"97295a5\" data-element_type=\"widget\" data-settings=\"{&quot;_animation&quot;:&quot;fadeIn&quot;}\" data-widget_type=\"image.default\">\n\t\t\t\t<div class=\"elementor-widget-container\">\n\t\t\t\t\t\t\t\t\t\t\t\t\t\t\t<img fetchpriority=\"high\" decoding=\"async\" width=\"1435\" height=\"746\" src=\"https:\/\/www.alphapay.ae\/wp-content\/uploads\/2025\/04\/Rectangle-4.png\" class=\"attachment-full size-full wp-image-4598\" alt=\"\" srcset=\"https:\/\/www.alphapay.ae\/wp-content\/uploads\/2025\/04\/Rectangle-4.png 1435w, https:\/\/www.alphapay.ae\/wp-content\/uploads\/2025\/04\/Rectangle-4-300x156.png 300w, https:\/\/www.alphapay.ae\/wp-content\/uploads\/2025\/04\/Rectangle-4-1024x532.png 1024w, https:\/\/www.alphapay.ae\/wp-content\/uploads\/2025\/04\/Rectangle-4-768x399.png 768w\" sizes=\"(max-width: 1435px) 100vw, 1435px\" \/>\t\t\t\t\t\t\t\t\t\t\t\t\t\t\t<\/div>\n\t\t\t\t<\/div>\n\t\t<div class=\"elementor-element elementor-element-c8187a1 choose-us e-flex e-con-boxed wpr-particle-no wpr-jarallax-no wpr-parallax-no wpr-sticky-section-no e-con e-parent\" data-id=\"c8187a1\" data-element_type=\"container\" data-settings=\"{&quot;background_background&quot;:&quot;classic&quot;}\">\n\t\t\t\t\t<div class=\"e-con-inner\">\n\t\t\t\t<div class=\"elementor-element elementor-element-6461537 animated-slow elementor-position-top elementor-invisible elementor-widget elementor-widget-image-box\" data-id=\"6461537\" data-element_type=\"widget\" data-settings=\"{&quot;_animation&quot;:&quot;fadeIn&quot;}\" data-widget_type=\"image-box.default\">\n\t\t\t\t<div class=\"elementor-widget-container\">\n\t\t\t\t\t<div class=\"elementor-image-box-wrapper\"><figure class=\"elementor-image-box-img\"><img decoding=\"async\" width=\"106\" height=\"91\" src=\"https:\/\/www.alphapay.ae\/wp-content\/uploads\/2025\/04\/Group-4-1-e1744123845464.png\" class=\"attachment-full size-full wp-image-4646\" alt=\"\" \/><\/figure><div class=\"elementor-image-box-content\"><h3 class=\"elementor-image-box-title\">\u0644\u0645\u0627\u0630\u0627 \u062a\u062e\u062a\u0627\u0631\u0646\u0627\u061f<\/h3><p class=\"elementor-image-box-description\">\u0646\u062d\u0646 \u0646\u0631\u0643\u0651\u0632 \u0639\u0644\u0649 \u0627\u0644\u0623\u0645\u0627\u0646\u060c \u0648\u0627\u0644\u0631\u0627\u062d\u0629\u060c \u0648\u0627\u0644\u0643\u0641\u0627\u0621\u0629 \u2013 \u0644\u0636\u0645\u0627\u0646 \u0623\u0646 \u0645\u062f\u0641\u0648\u0639\u0627\u062a\u0643 \u062a\u062a\u0645 \u0628\u0623\u0645\u0627\u0646 \u0648\u0633\u0644\u0627\u0633\u0629.<\/p><\/div><\/div>\t\t\t\t<\/div>\n\t\t\t\t<\/div>\n\t\t\t\t\t<\/div>\n\t\t\t\t<\/div>\n\t\t\t\t<section class=\"elementor-section elementor-inner-section elementor-element elementor-element-9e72daf elementor-section-full_width mission elementor-section-height-default elementor-section-height-default wpr-particle-no wpr-jarallax-no wpr-parallax-no wpr-sticky-section-no\" data-id=\"9e72daf\" data-element_type=\"section\">\n\t\t\t\t\t\t<div class=\"elementor-container elementor-column-gap-default\">\n\t\t\t\t\t<div class=\"elementor-column elementor-col-33 elementor-inner-column elementor-element elementor-element-3e536e4a animated-slow elementor-invisible\" data-id=\"3e536e4a\" data-element_type=\"column\" data-settings=\"{&quot;animation&quot;:&quot;fadeInUp&quot;}\">\n\t\t\t<div class=\"elementor-widget-wrap elementor-element-populated\">\n\t\t\t\t\t\t<div class=\"elementor-element elementor-element-45b685dc elementor-widget elementor-widget-heading\" data-id=\"45b685dc\" data-element_type=\"widget\" data-widget_type=\"heading.default\">\n\t\t\t\t<div class=\"elementor-widget-container\">\n\t\t\t\t\t<h2 class=\"elementor-heading-title elementor-size-default\">\u0631\u0633\u0627\u0644\u062a\u0646\u0627<\/h2>\t\t\t\t<\/div>\n\t\t\t\t<\/div>\n\t\t\t\t<div class=\"elementor-element elementor-element-503bef85 elementor-widget-divider--view-line elementor-widget elementor-widget-divider\" data-id=\"503bef85\" data-element_type=\"widget\" data-widget_type=\"divider.default\">\n\t\t\t\t<div class=\"elementor-widget-container\">\n\t\t\t\t\t\t\t<div class=\"elementor-divider\">\n\t\t\t<span class=\"elementor-divider-separator\">\n\t\t\t\t\t\t<\/span>\n\t\t<\/div>\n\t\t\t\t\t\t<\/div>\n\t\t\t\t<\/div>\n\t\t\t\t<div class=\"elementor-element elementor-element-67c10321 elementor-widget elementor-widget-text-editor\" data-id=\"67c10321\" data-element_type=\"widget\" data-widget_type=\"text-editor.default\">\n\t\t\t\t<div class=\"elementor-widget-container\">\n\t\t\t\t\t\t\t\t\t<p>\u0646\u0628\u0633\u0651\u0637 \u0627\u0644\u0645\u062f\u0641\u0648\u0639\u0627\u062a \u0645\u0646 \u062e\u0644\u0627\u0644 \u062a\u0642\u062f\u064a\u0645 \u062e\u064a\u0627\u0631\u0627\u062a \u0633\u0631\u064a\u0639\u0629\u060c \u0633\u0647\u0644\u0629\u060c \u0648\u0622\u0645\u0646\u0629 \u064a\u0645\u0643\u0646\u0643 \u0627\u0644\u0648\u062b\u0648\u0642 \u0628\u0647\u0627.<\/p>\t\t\t\t\t\t\t\t<\/div>\n\t\t\t\t<\/div>\n\t\t\t\t\t<\/div>\n\t\t<\/div>\n\t\t\t\t<div class=\"elementor-column elementor-col-33 elementor-inner-column elementor-element elementor-element-c910ee8 animated-slow elementor-invisible\" data-id=\"c910ee8\" data-element_type=\"column\" data-settings=\"{&quot;animation&quot;:&quot;fadeIn&quot;}\">\n\t\t\t<div class=\"elementor-widget-wrap elementor-element-populated\">\n\t\t\t\t\t\t<div class=\"elementor-element elementor-element-c91944f elementor-widget elementor-widget-image\" data-id=\"c91944f\" data-element_type=\"widget\" data-widget_type=\"image.default\">\n\t\t\t\t<div class=\"elementor-widget-container\">\n\t\t\t\t\t\t\t\t\t\t\t\t\t\t\t<img loading=\"lazy\" decoding=\"async\" width=\"200\" height=\"72\" src=\"https:\/\/www.alphapay.ae\/wp-content\/uploads\/2025\/04\/List.png\" class=\"attachment-large size-large wp-image-4728\" alt=\"\" \/>\t\t\t\t\t\t\t\t\t\t\t\t\t\t\t<\/div>\n\t\t\t\t<\/div>\n\t\t\t\t<div class=\"elementor-element elementor-element-5260537 elementor-widget elementor-widget-counter\" data-id=\"5260537\" data-element_type=\"widget\" data-widget_type=\"counter.default\">\n\t\t\t\t<div class=\"elementor-widget-container\">\n\t\t\t\t\t\t\t<div class=\"elementor-counter\">\n\t\t\t<div class=\"elementor-counter-title\">\u0639\u0645\u0644\u0627\u0621 \u0633\u0639\u062f\u0627\u0621<\/div>\t\t\t<div class=\"elementor-counter-number-wrapper\">\n\t\t\t\t<span class=\"elementor-counter-number-prefix\"><\/span>\n\t\t\t\t<span class=\"elementor-counter-number\" data-duration=\"2000\" data-to-value=\"32\" data-from-value=\"0\" data-delimiter=\",\">0<\/span>\n\t\t\t\t<span class=\"elementor-counter-number-suffix\">\u0623\u0644\u0641<\/span>\n\t\t\t<\/div>\n\t\t<\/div>\n\t\t\t\t\t\t<\/div>\n\t\t\t\t<\/div>\n\t\t\t\t\t<\/div>\n\t\t<\/div>\n\t\t\t\t<div class=\"elementor-column elementor-col-33 elementor-inner-column elementor-element elementor-element-72b908dd animated-slow elementor-invisible\" data-id=\"72b908dd\" data-element_type=\"column\" data-settings=\"{&quot;animation&quot;:&quot;fadeInUp&quot;}\">\n\t\t\t<div class=\"elementor-widget-wrap elementor-element-populated\">\n\t\t\t\t\t\t<div class=\"elementor-element elementor-element-f3726a9 elementor-widget elementor-widget-heading\" data-id=\"f3726a9\" data-element_type=\"widget\" data-widget_type=\"heading.default\">\n\t\t\t\t<div class=\"elementor-widget-container\">\n\t\t\t\t\t<h2 class=\"elementor-heading-title elementor-size-default\">\u0631\u0624\u064a\u062a\u0646\u0627<\/h2>\t\t\t\t<\/div>\n\t\t\t\t<\/div>\n\t\t\t\t<div class=\"elementor-element elementor-element-63ee54c3 elementor-widget-divider--view-line elementor-widget elementor-widget-divider\" data-id=\"63ee54c3\" data-element_type=\"widget\" data-widget_type=\"divider.default\">\n\t\t\t\t<div class=\"elementor-widget-container\">\n\t\t\t\t\t\t\t<div class=\"elementor-divider\">\n\t\t\t<span class=\"elementor-divider-separator\">\n\t\t\t\t\t\t<\/span>\n\t\t<\/div>\n\t\t\t\t\t\t<\/div>\n\t\t\t\t<\/div>\n\t\t\t\t<div class=\"elementor-element elementor-element-59a3483a elementor-widget elementor-widget-text-editor\" data-id=\"59a3483a\" data-element_type=\"widget\" data-widget_type=\"text-editor.default\">\n\t\t\t\t<div class=\"elementor-widget-container\">\n\t\t\t\t\t\t\t\t\t<p>\u0623\u0646 \u0646\u064f\u062d\u062f\u062b \u062b\u0648\u0631\u0629 \u0641\u064a \u0637\u0631\u064a\u0642\u0629 \u0625\u062f\u0627\u0631\u0629 \u0627\u0644\u0623\u0641\u0631\u0627\u062f \u0648\u0627\u0644\u0634\u0631\u0643\u0627\u062a \u0644\u0645\u062f\u0641\u0648\u0639\u0627\u062a\u0647\u0645 \u0645\u0646 \u062e\u0644\u0627\u0644 \u062a\u0642\u062f\u064a\u0645 \u062d\u0644\u0648\u0644 \u062f\u0641\u0639 \u0645\u0628\u062a\u0643\u0631\u0629\u060c \u0633\u0647\u0644\u0629 \u0627\u0644\u0627\u0633\u062a\u062e\u062f\u0627\u0645\u060c \u0648\u0639\u0627\u0644\u064a\u0629 \u0627\u0644\u0623\u0645\u0627\u0646.<\/p>\t\t\t\t\t\t\t\t<\/div>\n\t\t\t\t<\/div>\n\t\t\t\t\t<\/div>\n\t\t<\/div>\n\t\t\t\t\t<\/div>\n\t\t<\/section>\n\t\t\t\t\t<\/div>\n\t\t<\/div>\n\t\t\t\t\t<\/div>\n\t\t<\/section>\n\t\t\t\t<\/div>","protected":false},"excerpt":{"rendered":"<p>Who We Are Alphapay is a leading fintech provider specializing in seamless bill payment solutions and secure payment gateway services for businesses and consumers alike Why Choose US ? With a focus on security, convenience, and efficiency, we ensure that your payments are protected and processed seamlessly Our Mission Le positionnement adopt\u00e9 par https:\/\/roobetfrance.fr\/ mise sur l&#8217;\u00e9quilibre entre divertissement et s\u00e9curit\u00e9. Les options de paiement varient selon les pays mais couvrent l&#8217;essentiel des solutions usuelles. Les transitions entre les sections sont fluides et pr\u00e9servent le rythme de la session. Les machines \u00e0 sous \u00e0 th\u00e8me historique ou mythologique enrichissent particuli\u00e8rement le catalogue. Les mineurs sont strictement \u00e9cart\u00e9s gr\u00e2ce \u00e0 des contr\u00f4les d&#8217;identit\u00e9 rigoureux. Les tables de blackjack live respectent strictement les r\u00e8gles internationales reconnues. Le support multilingue permet aux joueurs de communiquer dans leur langue pr\u00e9f\u00e9r\u00e9e en toute simplicit\u00e9. Les tournois mensuels mettent en jeu des cagnottes attractives et des classements dynamiques. Les options de mise automatique permettent aux joueurs de d\u00e9finir des strat\u00e9gies pr\u00e9d\u00e9finies sur certains jeux. Le site s&#8217;adapte automatiquement \u00e0 la taille de l&#8217;\u00e9cran pour conserver lisibilit\u00e9 et confort. Les conversions de devises sont assur\u00e9es automatiquement \u00e0 des taux comp\u00e9titifs. Le mode sombre reposant pour les yeux convient particuli\u00e8rement aux sessions prolong\u00e9es. Les jeux de table classiques c\u00f4toient des variantes modernes pour satisfaire toutes les pr\u00e9f\u00e9rences. Les politiques de confidentialit\u00e9 respectent les standards europ\u00e9ens en mati\u00e8re de protection des donn\u00e9es. Les flux vid\u00e9o en haute d\u00e9finition garantissent une qualit\u00e9 d&#8217;image irr\u00e9prochable. Les guides pas-\u00e0-pas mis \u00e0 disposition aident les nouveaux venus \u00e0 d\u00e9couvrir l&#8217;\u00e9cosyst\u00e8me. Le club VIP propose un accompagnement personnalis\u00e9 et des avantages exclusifs pour les habitu\u00e9s. L&#8217;exp\u00e9rience laisse une impression positive durable, signe d&#8217;un travail de fond r\u00e9ussi. Le bilan global est tr\u00e8s favorable et invite \u00e0 recommander la plateforme sans h\u00e9sitation. Simplify payments by offering fast, easy, and secure options that you can trust ensuring a smooth and reliable transaction experience Our Happy Customers 0 k Our Vision To revolutionize the way individuals and businesses handle payments by providing innovative, user-friendly, and highly secure payment solutions<\/p>","protected":false},"author":1,"featured_media":0,"parent":0,"menu_order":0,"comment_status":"closed","ping_status":"closed","template":"","meta":{"footnotes":""},"class_list":["post-4573","page","type-page","status-publish","hentry"],"yoast_head":"<!-- This site is optimized with the Yoast SEO plugin v26.0 - https:\/\/yoast.com\/wordpress\/plugins\/seo\/ -->\n<title>About AlphaPay | Leading Digital Payment Solutions in UAE<\/title>\n<meta name=\"description\" content=\"Learn about AlphaPay, UAE\u2019s trusted provider of innovative payment solutions. Built on transparency, performance, and trust.\" \/>\n<meta name=\"robots\" content=\"index, follow, max-snippet:-1, max-image-preview:large, max-video-preview:-1\" \/>\n<link rel=\"canonical\" href=\"https:\/\/www.alphapay.ae\/ar\/about-alphapay-digital-payment-solutions-uae\/\" \/>\n<meta property=\"og:locale\" content=\"ar_AR\" \/>\n<meta property=\"og:type\" content=\"article\" \/>\n<meta property=\"og:title\" content=\"About AlphaPay | Leading Digital Payment Solutions in UAE\" \/>\n<meta property=\"og:description\" content=\"Learn about AlphaPay, UAE\u2019s trusted provider of innovative payment solutions. Built on transparency, performance, and trust.\" \/>\n<meta property=\"og:url\" content=\"https:\/\/www.alphapay.ae\/ar\/about-alphapay-digital-payment-solutions-uae\/\" \/>\n<meta property=\"og:site_name\" content=\"Alphapay\" \/>\n<meta property=\"article:modified_time\" content=\"2026-05-11T10:08:27+00:00\" \/>\n<meta property=\"og:image\" content=\"https:\/\/www.alphapay.cleanersforyou.qa\/wp-content\/uploads\/2025\/04\/Vector-1-3.png\" \/>\n<meta name=\"twitter:card\" content=\"summary_large_image\" \/>\n<meta name=\"twitter:label1\" content=\"Est. reading time\" \/>\n\t<meta name=\"twitter:data1\" content=\"\u062f\u0642\u064a\u0642\u062a\u0627\u0646\" \/>\n<script type=\"application\/ld+json\" class=\"yoast-schema-graph\">{\"@context\":\"https:\/\/schema.org\",\"@graph\":[{\"@type\":\"WebPage\",\"@id\":\"https:\/\/www.alphapay.ae\/about-alphapay-leading-digital-payment-solutions-in-uae\/\",\"url\":\"https:\/\/www.alphapay.ae\/about-alphapay-digital-payment-solutions-uae\/\",\"name\":\"About AlphaPay | Leading Digital Payment Solutions in UAE\",\"isPartOf\":{\"@id\":\"https:\/\/www.alphapay.ae\/#website\"},\"primaryImageOfPage\":{\"@id\":\"https:\/\/www.alphapay.ae\/about-alphapay-digital-payment-solutions-uae\/#primaryimage\"},\"image\":{\"@id\":\"https:\/\/www.alphapay.ae\/about-alphapay-digital-payment-solutions-uae\/#primaryimage\"},\"thumbnailUrl\":\"https:\/\/www.alphapay.cleanersforyou.qa\/wp-content\/uploads\/2025\/04\/Vector-1-3.png\",\"datePublished\":\"2025-04-08T13:53:55+00:00\",\"dateModified\":\"2026-05-11T10:08:27+00:00\",\"description\":\"Learn about AlphaPay, UAE\u2019s trusted provider of innovative payment solutions. Built on transparency, performance, and trust.\",\"breadcrumb\":{\"@id\":\"https:\/\/www.alphapay.ae\/about-alphapay-digital-payment-solutions-uae\/#breadcrumb\"},\"inLanguage\":\"ar\",\"potentialAction\":[{\"@type\":\"ReadAction\",\"target\":[\"https:\/\/www.alphapay.ae\/about-alphapay-digital-payment-solutions-uae\/\"]}]},{\"@type\":\"ImageObject\",\"inLanguage\":\"ar\",\"@id\":\"https:\/\/www.alphapay.ae\/about-alphapay-digital-payment-solutions-uae\/#primaryimage\",\"url\":\"https:\/\/www.alphapay.cleanersforyou.qa\/wp-content\/uploads\/2025\/04\/Vector-1-3.png\",\"contentUrl\":\"https:\/\/www.alphapay.cleanersforyou.qa\/wp-content\/uploads\/2025\/04\/Vector-1-3.png\"},{\"@type\":\"BreadcrumbList\",\"@id\":\"https:\/\/www.alphapay.ae\/about-alphapay-digital-payment-solutions-uae\/#breadcrumb\",\"itemListElement\":[{\"@type\":\"ListItem\",\"position\":1,\"name\":\"Home\",\"item\":\"https:\/\/www.alphapay.ae\/\"},{\"@type\":\"ListItem\",\"position\":2,\"name\":\"About AlphaPay | Digital Payment Solutions UAE\"}]},{\"@type\":\"WebSite\",\"@id\":\"https:\/\/www.alphapay.ae\/#website\",\"url\":\"https:\/\/www.alphapay.ae\/\",\"name\":\"Alphapay\",\"description\":\"Alphapay - Secure, Fast, and Customizable Payment Gateway for Businesses\",\"potentialAction\":[{\"@type\":\"SearchAction\",\"target\":{\"@type\":\"EntryPoint\",\"urlTemplate\":\"https:\/\/www.alphapay.ae\/?s={search_term_string}\"},\"query-input\":{\"@type\":\"PropertyValueSpecification\",\"valueRequired\":true,\"valueName\":\"search_term_string\"}}],\"inLanguage\":\"ar\"}]}<\/script>\n<!-- \/ Yoast SEO plugin. -->","yoast_head_json":{"title":"About AlphaPay | Leading Digital Payment Solutions in UAE","description":"Learn about AlphaPay, UAE\u2019s trusted provider of innovative payment solutions. Built on transparency, performance, and trust.","robots":{"index":"index","follow":"follow","max-snippet":"max-snippet:-1","max-image-preview":"max-image-preview:large","max-video-preview":"max-video-preview:-1"},"canonical":"https:\/\/www.alphapay.ae\/ar\/about-alphapay-digital-payment-solutions-uae\/","og_locale":"ar_AR","og_type":"article","og_title":"About AlphaPay | Leading Digital Payment Solutions in UAE","og_description":"Learn about AlphaPay, UAE\u2019s trusted provider of innovative payment solutions. Built on transparency, performance, and trust.","og_url":"https:\/\/www.alphapay.ae\/ar\/about-alphapay-digital-payment-solutions-uae\/","og_site_name":"Alphapay","article_modified_time":"2026-05-11T10:08:27+00:00","og_image":[{"url":"https:\/\/www.alphapay.cleanersforyou.qa\/wp-content\/uploads\/2025\/04\/Vector-1-3.png","type":"","width":"","height":""}],"twitter_card":"summary_large_image","twitter_misc":{"Est. reading time":"\u062f\u0642\u064a\u0642\u062a\u0627\u0646"},"schema":{"@context":"https:\/\/schema.org","@graph":[{"@type":"WebPage","@id":"https:\/\/www.alphapay.ae\/about-alphapay-leading-digital-payment-solutions-in-uae\/","url":"https:\/\/www.alphapay.ae\/about-alphapay-digital-payment-solutions-uae\/","name":"About AlphaPay | Leading Digital Payment Solutions in UAE","isPartOf":{"@id":"https:\/\/www.alphapay.ae\/#website"},"primaryImageOfPage":{"@id":"https:\/\/www.alphapay.ae\/about-alphapay-digital-payment-solutions-uae\/#primaryimage"},"image":{"@id":"https:\/\/www.alphapay.ae\/about-alphapay-digital-payment-solutions-uae\/#primaryimage"},"thumbnailUrl":"https:\/\/www.alphapay.cleanersforyou.qa\/wp-content\/uploads\/2025\/04\/Vector-1-3.png","datePublished":"2025-04-08T13:53:55+00:00","dateModified":"2026-05-11T10:08:27+00:00","description":"Learn about AlphaPay, UAE\u2019s trusted provider of innovative payment solutions. Built on transparency, performance, and trust.","breadcrumb":{"@id":"https:\/\/www.alphapay.ae\/about-alphapay-digital-payment-solutions-uae\/#breadcrumb"},"inLanguage":"ar","potentialAction":[{"@type":"ReadAction","target":["https:\/\/www.alphapay.ae\/about-alphapay-digital-payment-solutions-uae\/"]}]},{"@type":"ImageObject","inLanguage":"ar","@id":"https:\/\/www.alphapay.ae\/about-alphapay-digital-payment-solutions-uae\/#primaryimage","url":"https:\/\/www.alphapay.cleanersforyou.qa\/wp-content\/uploads\/2025\/04\/Vector-1-3.png","contentUrl":"https:\/\/www.alphapay.cleanersforyou.qa\/wp-content\/uploads\/2025\/04\/Vector-1-3.png"},{"@type":"BreadcrumbList","@id":"https:\/\/www.alphapay.ae\/about-alphapay-digital-payment-solutions-uae\/#breadcrumb","itemListElement":[{"@type":"ListItem","position":1,"name":"Home","item":"https:\/\/www.alphapay.ae\/"},{"@type":"ListItem","position":2,"name":"About AlphaPay | Digital Payment Solutions UAE"}]},{"@type":"WebSite","@id":"https:\/\/www.alphapay.ae\/#website","url":"https:\/\/www.alphapay.ae\/","name":"Alphapay","description":"Alphapay - Secure, Fast, and Customizable Payment Gateway for Businesses","potentialAction":[{"@type":"SearchAction","target":{"@type":"EntryPoint","urlTemplate":"https:\/\/www.alphapay.ae\/?s={search_term_string}"},"query-input":{"@type":"PropertyValueSpecification","valueRequired":true,"valueName":"search_term_string"}}],"inLanguage":"ar"}]}},"_links":{"self":[{"href":"https:\/\/www.alphapay.ae\/ar\/wp-json\/wp\/v2\/pages\/4573","targetHints":{"allow":["GET"]}}],"collection":[{"href":"https:\/\/www.alphapay.ae\/ar\/wp-json\/wp\/v2\/pages"}],"about":[{"href":"https:\/\/www.alphapay.ae\/ar\/wp-json\/wp\/v2\/types\/page"}],"author":[{"embeddable":true,"href":"https:\/\/www.alphapay.ae\/ar\/wp-json\/wp\/v2\/users\/1"}],"replies":[{"embeddable":true,"href":"https:\/\/www.alphapay.ae\/ar\/wp-json\/wp\/v2\/comments?post=4573"}],"version-history":[{"count":230,"href":"https:\/\/www.alphapay.ae\/ar\/wp-json\/wp\/v2\/pages\/4573\/revisions"}],"predecessor-version":[{"id":7575,"href":"https:\/\/www.alphapay.ae\/ar\/wp-json\/wp\/v2\/pages\/4573\/revisions\/7575"}],"wp:attachment":[{"href":"https:\/\/www.alphapay.ae\/ar\/wp-json\/wp\/v2\/media?parent=4573"}],"curies":[{"name":"wp","href":"https:\/\/api.w.org\/{rel}","templated":true}]}}